{"id":10,"date":"2023-04-15T09:56:48","date_gmt":"2023-04-15T09:56:48","guid":{"rendered":"https:\/\/domoticavitoria.com\/?page_id=10"},"modified":"2023-05-28T16:55:52","modified_gmt":"2023-05-28T16:55:52","slug":"domotica-vitoria-gasteiz","status":"publish","type":"page","link":"https:\/\/domoticavitoria.com\/","title":{"rendered":"Domotica Vitoria"},"content":{"rendered":"\n<p>\u00bfQuieres convertir tu casa en un hogar inteligente? \u00bfLo quieres hacer t\u00fa y no sabes por donde empezar? <\/p>\n\n\n\n<p>Lo primero que tienes que hacer es tener claro hasta donde quieres llegar, te propongo que sigas estos pasos. <\/p>\n\n\n\n<ol class=\"wp-block-list\">\n<li><strong>Define tus necesidades y objetivos<\/strong>: Antes de embarcarte en el proceso de implementar la dom\u00f3tica en tu hogar, es importante que tengas claras tus necesidades y objetivos. \u00bfQu\u00e9 aspectos de tu hogar te gustar\u00eda automatizar? \u00bfDeseas mejorar la seguridad, la eficiencia energ\u00e9tica, la comodidad o todas ellas? Define tus prioridades y objetivos para que puedas tomar decisiones informadas durante el proceso de asesoramiento.<\/li>\n\n\n\n<li><strong>Investiga las opciones disponibles<\/strong>: Familiar\u00edzate con las diferentes tecnolog\u00edas y soluciones de dom\u00f3tica disponibles en el mercado. Hay una amplia variedad de sistemas, dispositivos y proveedores para elegir. Investiga las caracter\u00edsticas, funcionalidades y compatibilidad de los productos para encontrar aquellos que se ajusten mejor a tus necesidades y presupuesto.<\/li>\n\n\n\n<li><strong>Presupuesto<\/strong>: Establece un presupuesto para tu proyecto de dom\u00f3tica. Determina cu\u00e1nto est\u00e1s dispuesto a invertir en el sistema y los dispositivos, as\u00ed como en la instalaci\u00f3n y configuraci\u00f3n. Ten en cuenta que el costo puede variar seg\u00fan el tama\u00f1o de tu hogar, la complejidad de las funciones que deseas automatizar y los productos que elijas.<\/li>\n\n\n\n<li><strong>Considera la escalabilidad y la compatibilidad<\/strong>: Aseg\u00farate de seleccionar una soluci\u00f3n de dom\u00f3tica que sea escalable y compatible con otros dispositivos y sistemas. Esto te permitir\u00e1 expandir y personalizar tu sistema en el futuro, as\u00ed como integrarlo con otros dispositivos inteligentes que puedas adquirir m\u00e1s adelante.<\/li>\n\n\n\n<li><strong>Seguridad y privacidad<\/strong>: La dom\u00f3tica implica la conexi\u00f3n de dispositivos a Internet, por lo que es importante considerar la seguridad y privacidad de tus datos. Aseg\u00farate de elegir productos y proveedores que tengan medidas de seguridad adecuadas y que te permitan controlar y proteger tus datos personales.<\/li>\n<\/ol>\n\n\n\n<p>Recuerda que el asesoramiento en dom\u00f3tica puede ser personalizado seg\u00fan tus necesidades y circunstancias espec\u00edficas. Siempre es recomendable buscar informaci\u00f3n adicional, comparar opciones y tomar decisiones fundamentadas antes de invertir en un sistema de dom\u00f3tica para tu hogar.<\/p>\n\n\n\n<p>Si crees que te podemos ayudar, solicita el asesoramiento personalizado.<\/p>\n","protected":false},"excerpt":{"rendered":"<p>\u00bfQuieres convertir tu casa en un hogar inteligente? \u00bfLo quieres hacer t\u00fa y no sabes por donde empezar? Lo primero que tienes que hacer es tener claro hasta donde quieres llegar, te propongo que sigas estos pasos. Recuerda que el asesoramiento en dom\u00f3tica puede ser personalizado seg\u00fan tus necesidades y circunstancias espec\u00edficas. Siempre es recomendable [&hellip;]<\/p>\n","protected":false},"author":1,"featured_media":0,"parent":0,"menu_order":0,"comment_status":"closed","ping_status":"closed","template":"","meta":{"footnotes":""},"class_list":["post-10","page","type-page","status-publish","hentry"],"_links":{"self":[{"href":"https:\/\/domoticavitoria.com\/index.php\/wp-json\/wp\/v2\/pages\/10","targetHints":{"allow":["GET"]}}],"collection":[{"href":"https:\/\/domoticavitoria.com\/index.php\/wp-json\/wp\/v2\/pages"}],"about":[{"href":"https:\/\/domoticavitoria.com\/index.php\/wp-json\/wp\/v2\/types\/page"}],"author":[{"embeddable":true,"href":"https:\/\/domoticavitoria.com\/index.php\/wp-json\/wp\/v2\/users\/1"}],"replies":[{"embeddable":true,"href":"https:\/\/domoticavitoria.com\/index.php\/wp-json\/wp\/v2\/comments?post=10"}],"version-history":[{"count":6,"href":"https:\/\/domoticavitoria.com\/index.php\/wp-json\/wp\/v2\/pages\/10\/revisions"}],"predecessor-version":[{"id":24,"href":"https:\/\/domoticavitoria.com\/index.php\/wp-json\/wp\/v2\/pages\/10\/revisions\/24"}],"wp:attachment":[{"href":"https:\/\/domoticavitoria.com\/index.php\/wp-json\/wp\/v2\/media?parent=10"}],"curies":[{"name":"wp","href":"https:\/\/api.w.org\/{rel}","templated":true}]}}